{"id":719,"date":"2021-10-10T16:54:57","date_gmt":"2021-10-10T14:54:57","guid":{"rendered":"https:\/\/www.angelnails.sk\/web\/?page_id=719"},"modified":"2021-10-10T16:54:58","modified_gmt":"2021-10-10T14:54:58","slug":"tlacivo-navrh-na-zacatie-ars","status":"publish","type":"page","link":"https:\/\/www.angelnails.sk\/web\/index.php\/tlacivo-navrh-na-zacatie-ars\/","title":{"rendered":"Tla\u010divo N\u00e1vrh na za\u010datie ARS"},"content":{"rendered":"\n<div data-wp-interactive=\"core\/file\" class=\"wp-block-file\"><object data-wp-bind--hidden=\"!state.hasPdfPreview\" hidden class=\"wp-block-file__embed\" data=\"https:\/\/www.angelnails.sk\/web\/wp-content\/uploads\/2021\/10\/navrh-na-zacatie-ARUPA.pdf\" type=\"application\/pdf\" style=\"width:100%;height:600px\" aria-label=\"Vlo\u017ei\u0165 Vlo\u017ei\u0165 navrh-na-zacatie-ARUPA..\"><\/object><a href=\"https:\/\/www.angelnails.sk\/web\/wp-content\/uploads\/2021\/10\/navrh-na-zacatie-ARUPA.pdf\">navrh-na-zacatie-ARUPA<\/a><a href=\"https:\/\/www.angelnails.sk\/web\/wp-content\/uploads\/2021\/10\/navrh-na-zacatie-ARUPA.pdf\" class=\"wp-block-file__button\" download>Stiahnu\u0165<\/a><\/div>\n","protected":false},"excerpt":{"rendered":"","protected":false},"author":1,"featured_media":0,"parent":0,"menu_order":0,"comment_status":"closed","ping_status":"closed","template":"","meta":{"footnotes":""},"class_list":["post-719","page","type-page","status-publish","hentry"],"_links":{"self":[{"href":"https:\/\/www.angelnails.sk\/web\/index.php\/wp-json\/wp\/v2\/pages\/719","targetHints":{"allow":["GET"]}}],"collection":[{"href":"https:\/\/www.angelnails.sk\/web\/index.php\/wp-json\/wp\/v2\/pages"}],"about":[{"href":"https:\/\/www.angelnails.sk\/web\/index.php\/wp-json\/wp\/v2\/types\/page"}],"author":[{"embeddable":true,"href":"https:\/\/www.angelnails.sk\/web\/index.php\/wp-json\/wp\/v2\/users\/1"}],"replies":[{"embeddable":true,"href":"https:\/\/www.angelnails.sk\/web\/index.php\/wp-json\/wp\/v2\/comments?post=719"}],"version-history":[{"count":1,"href":"https:\/\/www.angelnails.sk\/web\/index.php\/wp-json\/wp\/v2\/pages\/719\/revisions"}],"predecessor-version":[{"id":722,"href":"https:\/\/www.angelnails.sk\/web\/index.php\/wp-json\/wp\/v2\/pages\/719\/revisions\/722"}],"wp:attachment":[{"href":"https:\/\/www.angelnails.sk\/web\/index.php\/wp-json\/wp\/v2\/media?parent=719"}],"curies":[{"name":"wp","href":"https:\/\/api.w.org\/{rel}","templated":true}]}}