{"id":675,"date":"2021-10-09T21:03:19","date_gmt":"2021-10-09T19:03:19","guid":{"rendered":"https:\/\/www.angelnails.sk\/web\/?page_id=675"},"modified":"2021-10-09T21:03:20","modified_gmt":"2021-10-09T19:03:20","slug":"reklamacny-protokol","status":"publish","type":"page","link":"https:\/\/www.angelnails.sk\/web\/index.php\/reklamacny-protokol\/","title":{"rendered":"Reklama\u010dn\u00fd protokol"},"content":{"rendered":"\n<div data-wp-interactive=\"core\/file\" class=\"wp-block-file\"><object data-wp-bind--hidden=\"!state.hasPdfPreview\" hidden class=\"wp-block-file__embed\" data=\"https:\/\/www.angelnails.sk\/web\/wp-content\/uploads\/2021\/10\/REKLAMACNY-PROTOKOL.pdf\" type=\"application\/pdf\" style=\"width:100%;height:600px\" aria-label=\"Vlo\u017ei\u0165 Vlo\u017ei\u0165 REKLAMACNY-PROTOKOL..\"><\/object><a href=\"https:\/\/www.angelnails.sk\/web\/wp-content\/uploads\/2021\/10\/REKLAMACNY-PROTOKOL.pdf\">REKLAMACNY-PROTOKOL<\/a><a href=\"https:\/\/www.angelnails.sk\/web\/wp-content\/uploads\/2021\/10\/REKLAMACNY-PROTOKOL.pdf\" class=\"wp-block-file__button\" download>Stiahnu\u0165<\/a><\/div>\n","protected":false},"excerpt":{"rendered":"","protected":false},"author":1,"featured_media":0,"parent":0,"menu_order":0,"comment_status":"closed","ping_status":"closed","template":"","meta":{"footnotes":""},"class_list":["post-675","page","type-page","status-publish","hentry"],"_links":{"self":[{"href":"https:\/\/www.angelnails.sk\/web\/index.php\/wp-json\/wp\/v2\/pages\/675","targetHints":{"allow":["GET"]}}],"collection":[{"href":"https:\/\/www.angelnails.sk\/web\/index.php\/wp-json\/wp\/v2\/pages"}],"about":[{"href":"https:\/\/www.angelnails.sk\/web\/index.php\/wp-json\/wp\/v2\/types\/page"}],"author":[{"embeddable":true,"href":"https:\/\/www.angelnails.sk\/web\/index.php\/wp-json\/wp\/v2\/users\/1"}],"replies":[{"embeddable":true,"href":"https:\/\/www.angelnails.sk\/web\/index.php\/wp-json\/wp\/v2\/comments?post=675"}],"version-history":[{"count":1,"href":"https:\/\/www.angelnails.sk\/web\/index.php\/wp-json\/wp\/v2\/pages\/675\/revisions"}],"predecessor-version":[{"id":679,"href":"https:\/\/www.angelnails.sk\/web\/index.php\/wp-json\/wp\/v2\/pages\/675\/revisions\/679"}],"wp:attachment":[{"href":"https:\/\/www.angelnails.sk\/web\/index.php\/wp-json\/wp\/v2\/media?parent=675"}],"curies":[{"name":"wp","href":"https:\/\/api.w.org\/{rel}","templated":true}]}}