{"id":25,"date":"2021-03-07T17:51:37","date_gmt":"2021-03-07T16:51:37","guid":{"rendered":"https:\/\/www.angelnails.sk\/web\/?page_id=25"},"modified":"2026-05-04T11:48:00","modified_gmt":"2026-05-04T09:48:00","slug":"cennik-sluzby-manikura-gelove-nechty-nitra-kvalitne-sluzby","status":"publish","type":"page","link":"https:\/\/www.angelnails.sk\/web\/index.php\/cennik-sluzby-manikura-gelove-nechty-nitra-kvalitne-sluzby\/","title":{"rendered":"CENN\u00cdK"},"content":{"rendered":"\n<p><strong><u>CENN\u00cdK \u00a0&#8211; \u00a0platn\u00fd od 1.5.2026<\/u><\/strong><\/p>\n\n\n\n<p><\/p>\n\n\n\n<ul class=\"wp-block-list\">\n<li><strong><u>cena doplnenia je rovnak\u00e1, ako nov\u00e1 model\u00e1cia, cena z\u00e1vis\u00ed od d\u013a\u017eky a&nbsp;zlo\u017eitosti zdobenia<\/u><\/strong><\/li>\n\n\n\n<li><strong>pred rezerv\u00e1ciou term\u00ednu je nutn\u00e9 nahl\u00e1si\u0165, \u017ee budete chcie\u0165 zdobenie <\/strong>alebo napr. svadobn\u00e9 nechty<\/li>\n\n\n\n<li><strong>poplatok za zru\u0161enie rezervovan\u00e9ho term\u00ednu menej ako 24hod. pred term\u00ednom  30\u20ac<\/strong><\/li>\n\n\n\n<li>Nad\u0161tandardn\u00fd alebo urgentn\u00fd term\u00edn&nbsp;&#8211; <strong>100% pr\u00edplatok<\/strong><\/li>\n\n\n\n<li><strong>s akrylom nepracujeme a ani ho neodstra\u0148ujeme! <\/strong>Pre viac inform\u00e1ci\u00ed je nutn\u00e1 konzult\u00e1cia.<\/li>\n\n\n\n<li> vysvetlenie k&nbsp;ozna\u010deniu typu bal\u00ed\u010dka :<\/li>\n<\/ul>\n\n\n\n<div class=\"wp-block-group\"><div class=\"wp-block-group__inner-container is-layout-flow wp-block-group-is-layout-flow\">\n<p> MINI. \u2013 d\u013a\u017eka nechtu max. 1mm vo\u013en\u00fd okraj <\/p>\n\n\n\n<p> KLASIK \u2013 d\u013a\u017eka nechtu 2mm \u2013  5mm vo\u013en\u00fd okraj<\/p>\n\n\n\n<p>MAX. \u2013 d\u013a\u017eka nechtu 6mm \u2013 10mm vo\u013en\u00fd okraj <\/p>\n\n\n\n<p>Extr\u00e9mne dlh\u00e9 nechty &#8211; d\u013a\u017eka nechtu 1cm &#8211; 1,5cm vo\u013en\u00fd okraj<\/p>\n\n\n\n<p><\/p>\n<\/div><\/div>\n\n\n\n<p class=\"has-pale-pink-color has-text-color has-medium-font-size\"><strong>G\u00c9L LAK<\/strong><\/p>\n\n\n\n<div class=\"wp-block-group\"><div class=\"wp-block-group__inner-container is-layout-flow wp-block-group-is-layout-flow\">\n<p class=\"has-text-align-left\">G\u00c9L LAK MINI. &#8230;&#8230;&#8230;&#8230;&#8230;&#8230;&#8230;&#8230;&#8230;&#8230;&#8230;&#8230;..<strong>30\u20ac<\/strong><\/p>\n\n\n\n<p class=\"has-text-align-left\">G\u00c9L LAK KLASIK &#8230;&#8230;&#8230;&#8230;&#8230;&#8230;&#8230;&#8230;&#8230;&#8230;&#8230;..<strong>33\u20ac<\/strong><\/p>\n\n\n\n<p class=\"has-text-align-left\">G\u00c9L LAK MAX&#8230;&#8230;&#8230;&#8230;&#8230;&#8230;&#8230;&#8230;&#8230;&#8230;&#8230;&#8230;&#8230;.<strong>38\u20ac<\/strong><\/p>\n\n\n\n<p>(g\u00e9l lak nad 1cm vo\u013en\u00fd okraj nerob\u00edme)<\/p>\n<\/div><\/div>\n\n\n\n<figure class=\"wp-block-table is-style-stripes\"><table><tbody><tr><td>Bal\u00ed\u010dek G\u00c9L LAK &#8211; pr\u00edstrojov\u00e1 manik\u00fara, pr\u00edpravn\u00e9 tekutiny, z\u00e1kladn\u00e1 vrstva g\u00e9l laku, farebn\u00fd g\u00e9l lak bez zdobenia,  vrchn\u00fd top leskl\u00fd alebo matn\u00fd.<br>V cene je z\u00e1vere\u010dn\u00e9 o\u0161etrenie &#8211; v\u00fd\u017eivn\u00fd olej\u010dek, kr\u00e9m alebo maslo. <\/td><td><\/td><td><\/td><\/tr><tr><td>Odstr\u00e1nenie g\u00e9l laku bez pr\u00edstrojovej manik\u00fary (kr\u00e9m na ruky)   <strong>15\u20ac<\/strong><br>Odstr\u00e1nenie s pr\u00edstrojovou manik\u00farou  (kr\u00e9m na ruky)                <strong>20\u20ac<\/strong><\/td><td><\/td><td><\/td><\/tr><\/tbody><\/table><\/figure>\n\n\n\n<h2 class=\"wp-block-heading has-vivid-purple-color has-text-color\"><strong>G\u00c9LOV\u00c9 NECHTY <\/strong> (nov\u00e9 aj doplnenie<strong>)<\/strong> <\/h2>\n\n\n\n<div class=\"wp-block-group\"><div class=\"wp-block-group__inner-container is-layout-flow wp-block-group-is-layout-flow\">\n<p class=\"has-text-align-left\">G\u00c9LOV\u00c9 NECHTY MINI. &#8230;&#8230;&#8230;&#8230;&#8230;&#8230;&#8230;&#8230;&#8230;&#8230;&#8230;&#8230;<strong>35\u20ac<\/strong><\/p>\n\n\n\n<p class=\"has-text-align-left\">G\u00c9LOV\u00c9 NECHTY KLASIK &#8230;&#8230;&#8230;&#8230;&#8230;&#8230;&#8230;&#8230;&#8230;&#8230;<strong>40\u20ac<\/strong><\/p>\n\n\n\n<p class=\"has-text-align-left\">G\u00c9LOV\u00c9 NECHTY MAX&#8230;&#8230;&#8230;&#8230;&#8230;&#8230;&#8230;&#8230;&#8230;&#8230;&#8230;&#8230;.<strong>45\u20ac<\/strong><\/p>\n\n\n\n<p>EXTR\u00c9MNE DLH\u00c9 NECHTY &#8230;&#8230;&#8230;&#8230;&#8230;&#8230;&#8230;&#8230;&#8230;<strong>80\u20ac<\/strong><\/p>\n<\/div><\/div>\n\n\n\n<figure class=\"wp-block-table is-style-stripes\"><table><tbody><tr><td> G\u00c9LOV\u00c9 NECHTY &#8211; pr\u00edstrojov\u00e1 manik\u00fara, pr\u00edpravn\u00e9 tekutiny, podkladov\u00fd g\u00e9l, z\u00e1kladn\u00fd stavebn\u00fd g\u00e9l,  tvarovanie model\u00e1cie, farebn\u00fd g\u00e9l lak bez zdobenia, vrchn\u00fd top leskl\u00fd alebo matn\u00fd.<br>V cene je z\u00e1vere\u010dn\u00e9 o\u0161etrenie &#8211; v\u00fd\u017eivn\u00fd olej\u010dek, kr\u00e9m alebo maslo.   <\/td><\/tr><tr><td><\/td><td><\/td><td><\/td><\/tr><tr><td>V&nbsp;CENE NIE JE ZAPO\u010c\u00cdTAN\u00c9 POU\u017dITIE \u0160ABL\u00d3NKY. &nbsp;Cena predl\u017eovania pri nov\u00fdch nechtoch  5\u20ac.<\/td><td><\/td><td><\/td><\/tr><tr><td><br>&nbsp;&nbsp;&nbsp;&#8211; extr\u00e9mne dlh\u00e9 g\u00e9lov\u00e9 nechty &#8211; vo\u013en\u00fd okraj nad 1,5cm &#8211; NEROB\u00cdME!<br><br>Odstr\u00e1nenie celej model\u00e1\u017ee, pr\u00edstrojov\u00e1 manik\u00fara a o\u0161etrenie                  20\u20ac<br>Odstr\u00e1nenie cudzej model\u00e1\u017ee, pr\u00edstrojov\u00e1 manik\u00fara a o\u0161etrenie               25\u20ac<\/td><td><\/td><td><\/td><\/tr><\/tbody><\/table><\/figure>\n\n\n\n<h2 class=\"wp-block-heading\"><strong>ZDOBENIE<\/strong><\/h2>\n\n\n\n<figure class=\"wp-block-table is-style-stripes\"><table><tbody><tr><td>Franc\u00fazska manik\u00fara\/Babyboomer\/zale\u0161\u0165ovacie pr\u00e1\u0161ky<\/td><td>5,00 \u20ac<\/td><td><\/td><\/tr><tr><td>Zdobenie s magnetom<\/td><td>3 \u20ac<\/td><td><\/td><\/tr><tr><td>Ma\u013eovanie pod\u013ea n\u00e1ro\u010dnosti<\/td><td>3&nbsp;\u201315\u20ac<\/td><td><\/td><\/tr><tr><td>Franc\u00fazska manik\u00fara\/Babyboomer\/zale\u0161\u0165ovacie pr\u00e1\u0161ky &#8211; 1 necht<\/td><td>1,00 \u20ac<\/td><td><\/td><\/tr><tr><td>Kamienky do 10ks \/ 1 necht<\/td><td>2,00 \u20ac<\/td><td><\/td><\/tr><tr><td>Svadobn\u00e9 nechty &#8211; pr\u00edplatok k cene za poskytnutie slu\u017eieb zameran\u00e9 na detaily                                 <\/td><td> 20 \u20ac<\/td><td><\/td><\/tr><\/tbody><\/table><\/figure>\n\n\n\n<h2 class=\"wp-block-heading\"><strong>DAR\u010cEKOV\u00c9 POUKAZY<\/strong><\/h2>\n\n\n\n<figure class=\"wp-block-table is-style-stripes\"><table><tbody><tr><td>Dar\u010dekov\u00fd poukaz&nbsp; G\u00c9L LAK<\/td><td>30 \u20ac<\/td><\/tr><tr><td>Dar\u010dekov\u00fd poukaz &nbsp;G\u00c9LOV\u00c9 NECHTY<\/td><td>40 \u20ac<\/td><\/tr><tr><td>Dar\u010dekov\u00fd poukaz na n\u00e1kup tovaru<\/td><td>dohodou<\/td><\/tr><\/tbody><\/table><\/figure>\n\n\n\n<p class=\"has-text-align-left\"><strong>Kompletn\u00fd cenn\u00edk  so v\u0161etk\u00fdmi slu\u017ebami je vystaven\u00fd v sal\u00f3ne.<\/strong><\/p>\n\n\n\n<div class=\"wp-block-columns is-layout-flex wp-container-core-columns-is-layout-9d6595d7 wp-block-columns-is-layout-flex\">\n<div class=\"wp-block-column is-layout-flow wp-block-column-is-layout-flow\"><\/div>\n<\/div>\n","protected":false},"excerpt":{"rendered":"<p>CENN\u00cdK \u00a0&#8211; \u00a0platn\u00fd od 1.5.2026 MINI. \u2013 d\u013a\u017eka nechtu max. 1mm vo\u013en\u00fd okraj KLASIK \u2013 d\u013a\u017eka nechtu 2mm \u2013 5mm vo\u013en\u00fd okraj MAX. \u2013 d\u013a\u017eka nechtu 6mm \u2013 10mm vo\u013en\u00fd okraj Extr\u00e9mne dlh\u00e9 nechty &#8211; d\u013a\u017eka nechtu 1cm &#8211; 1,5cm vo\u013en\u00fd okraj G\u00c9L LAK G\u00c9L LAK MINI. &#8230;&#8230;&#8230;&#8230;&#8230;&#8230;&#8230;&#8230;&#8230;&#8230;&#8230;&#8230;..30\u20ac G\u00c9L LAK KLASIK &#8230;&#8230;&#8230;&#8230;&#8230;&#8230;&#8230;&#8230;&#8230;&#8230;&#8230;..33\u20ac G\u00c9L LAK MAX&#8230;&#8230;&#8230;&#8230;&#8230;&#8230;&#8230;&#8230;&#8230;&#8230;&#8230;&#8230;&#8230;.38\u20ac &hellip; <\/p>\n","protected":false},"author":1,"featured_media":0,"parent":0,"menu_order":0,"comment_status":"closed","ping_status":"closed","template":"","meta":{"footnotes":""},"class_list":["post-25","page","type-page","status-publish","hentry"],"_links":{"self":[{"href":"https:\/\/www.angelnails.sk\/web\/index.php\/wp-json\/wp\/v2\/pages\/25","targetHints":{"allow":["GET"]}}],"collection":[{"href":"https:\/\/www.angelnails.sk\/web\/index.php\/wp-json\/wp\/v2\/pages"}],"about":[{"href":"https:\/\/www.angelnails.sk\/web\/index.php\/wp-json\/wp\/v2\/types\/page"}],"author":[{"embeddable":true,"href":"https:\/\/www.angelnails.sk\/web\/index.php\/wp-json\/wp\/v2\/users\/1"}],"replies":[{"embeddable":true,"href":"https:\/\/www.angelnails.sk\/web\/index.php\/wp-json\/wp\/v2\/comments?post=25"}],"version-history":[{"count":5,"href":"https:\/\/www.angelnails.sk\/web\/index.php\/wp-json\/wp\/v2\/pages\/25\/revisions"}],"predecessor-version":[{"id":1283,"href":"https:\/\/www.angelnails.sk\/web\/index.php\/wp-json\/wp\/v2\/pages\/25\/revisions\/1283"}],"wp:attachment":[{"href":"https:\/\/www.angelnails.sk\/web\/index.php\/wp-json\/wp\/v2\/media?parent=25"}],"curies":[{"name":"wp","href":"https:\/\/api.w.org\/{rel}","templated":true}]}}