{"id":22,"date":"2021-03-07T17:51:37","date_gmt":"2021-03-07T16:51:37","guid":{"rendered":"https:\/\/www.angelnails.sk\/web\/?page_id=22"},"modified":"2021-10-09T22:29:39","modified_gmt":"2021-10-09T20:29:39","slug":"polygelove-akrylgelove-dokonale-nechty","status":"publish","type":"page","link":"https:\/\/www.angelnails.sk\/web\/index.php\/polygelove-akrylgelove-dokonale-nechty\/","title":{"rendered":"POLYG\u00c9LOV\u00c9 NECHTY"},"content":{"rendered":"\n<p style=\"font-size:22px\"><strong>Polyg\u00e9l \u2013 inovat\u00edvne rie\u0161enie v nechtovom dizajne<\/strong><\/p>\n\n\n\n<p>V nechtovom dizajne sa stret\u00e1vame so \u0161irok\u00fdm sortimentom r\u00f4znych materi\u00e1lov, produktov. Prin\u00e1\u0161a nespo\u010detne ve\u013ea mo\u017enost\u00ed. Ozna\u010denie jednotliv\u00fdch v\u00fdrobkov sa m\u00f4\u017ee zda\u0165 dokonca a\u017e chaotick\u00e9. Po\u010fme si teda spolo\u010dne zadefinova\u0165 aspo\u0148 z\u00e1kladn\u00e9 pojmy.<\/p>\n\n\n\n<p>Medzi hlavn\u00e9 materi\u00e1ly, s ktor\u00fdmi sa v nechtovom dizajne pracuje, je g\u00e9l&nbsp;&nbsp;a akryl. Sl\u00fa\u017eia na model\u00e1ciu nechtov. Nesk\u00f4r vyna\u0161li nov\u00fd materi\u00e1l, ktor\u00e9ho ozna\u010denie sa za\u010d\u00edna s POLY. \u010ci u\u017e ho nazveme polyg\u00e9l alebo polyakryl, na tom nez\u00e1le\u017e\u00ed. Jedn\u00e1 sa toti\u017e o ten ist\u00fd produkt. Vznikol spojen\u00edm g\u00e9lu a akrylu a to \u0161peci\u00e1lnym zmie\u0161an\u00edm. To znamen\u00e1, \u017ee pri tejto kombin\u00e1cii boli pou\u017eit\u00e9 len tie najlep\u0161ie vlastnosti z oboch materi\u00e1lov.<\/p>\n\n\n\n<figure class=\"wp-block-image is-resized is-style-default\"><img decoding=\"async\" src=\"https:\/\/www.angelnails.sk\/web\/wp-content\/uploads\/2021\/03\/IMG_2633-1.jpg\" alt=\"alt=&quot;polygelove-akrylgelove-nechty&quot; title=&quot;polygelove-akrylgelove-nechty&quot; \" class=\"wp-image-288\" width=\"563\" height=\"560\" title=\"polygelove-nechty-akrylgelove-dokonale-nechty\" srcset=\"https:\/\/www.angelnails.sk\/web\/wp-content\/uploads\/2021\/03\/IMG_2633-1.jpg 750w, https:\/\/www.angelnails.sk\/web\/wp-content\/uploads\/2021\/03\/IMG_2633-1-150x150.jpg 150w, https:\/\/www.angelnails.sk\/web\/wp-content\/uploads\/2021\/03\/IMG_2633-1-60x60.jpg 60w\" sizes=\"(max-width: 563px) 100vw, 563px\" \/><\/figure>\n\n\n\n<p><strong>Modelovac\u00ed g\u00e9l<\/strong><br>Vo v\u0161eobecnosti ide o hust\u00fa tekutinu, s ktorou sa manipuluje prostredn\u00edctvom \u0161peci\u00e1lnych \u0161tetcov. Pomocou nich sa materi\u00e1l aplikuje na \u0161abl\u00f3nu, alebo tipy. Viete ho aplikova\u0165 aj na prirodzen\u00e9 nechty, ktor\u00e9 kr\u00e1sne spevn\u00ed. Nepo\u0161kod\u00ed v\u00e1m ich tak ako akryl, ale samozrejme aj g\u00e9l m\u00e1 nejak\u00e9 negat\u00edvne \u00fa\u010dinky. Spo\u010d\u00edva to hlavne pri jeho odstra\u0148ovan\u00ed, ktor\u00e9 sa rob\u00ed nieko\u013ekon\u00e1sobn\u00fdm br\u00fasen\u00edm alebo pilovan\u00edm.<\/p>\n\n\n\n<div class=\"wp-block-group\"><div class=\"wp-block-group__inner-container is-layout-flow wp-block-group-is-layout-flow\">\n<p>G\u00e9l je potrebn\u00e9 necha\u0165 vytvrdn\u00fa\u0165 v LED\/UV. D\u013a\u017eka polymeriz\u00e1cie z\u00e1vis\u00ed od v\u00fdkonu jednotlivej lampy. Po vytvrdnut\u00ed sa v\u00e1m na jeho vrchnej \u010dasti objav\u00ed v\u00fdpotok. Ide o lepkav\u00fa tekutinu, ktor\u00fa je potrebn\u00e9 zotrie\u0165 \u010disti\u010dom g\u00e9lu alebo cleanerom. V\u00fdhody g\u00e9lu je jeho konzistencia, ktor\u00e1 je pru\u017en\u00e1, a na nechtoch vydr\u017e\u00ed dlho.<\/p>\n\n\n\n<p><strong>Modelovac\u00ed akryl<\/strong><br>Akryl je pr\u00e1\u0161kov\u00e1 hmota, ktor\u00fa je potrebn\u00e9 kombinova\u0165 s liquidom, aby sa s n\u00edm dalo modelova\u0165. Mie\u0161a sa priamo na \u0161tetci a to tak, \u017ee ho najprv namo\u010d\u00edme do liquidu a n\u00e1sledne do akrylov\u00e9ho pr\u00e1\u0161ku. Vzniknut\u00e1 konzistencia na vzduchu r\u00fdchlo tvrdne, a preto je potrebn\u00e9 s \u0148ou hne\u010f pracova\u0165. V\u00fdsledn\u00fd materi\u00e1l pripom\u00edna tvarovate\u013en\u00fa pastu, ktor\u00fa pomocou \u0161tetca formujeme do \u0161abl\u00f3n alebo tipov.<\/p>\n\n\n\n<p>Tento materi\u00e1l je vhodn\u00fd sk\u00f4r pre profesion\u00e1lne necht\u00e1rky, ke\u010f\u017ee si vy\u017eaduje r\u00fdchlu manipul\u00e1ciu. V\u00fdhody akrylu je pevnos\u0165, odolnos\u0165 a trv\u00e1cnos\u0165. Vydr\u017e\u00ed v\u00e1m aj 4 t\u00fd\u017edne. Medzi jeho nev\u00fdhody je hlavne zd\u013ahav\u00fd proces odstra\u0148ovania. M\u00f4\u017ee sa na to pou\u017ei\u0165 kozmetick\u00fd acet\u00f3n a nevyhnete sa nieko\u013eko n\u00e1sobn\u00e9mu br\u00faseniu \u010di pilovaniu. Pre prirodzen\u00e9 nechty je to nevyhnut\u00fd tlak, pod ktor\u00fdm riadne oslabn\u00fa.<br><br><strong>POLYG\u00c9L\/POLYAKRYL<\/strong><br>Spojen\u00edm g\u00e9lu a akrylu vznikne efekt\u00edvna kombin\u00e1cia nes\u00faca n\u00e1zov POLY. To v preklade znamen\u00e1 \u201cnie\u010do na pol ceste\u201d. Polyg\u00e9l, naz\u00fdvan\u00fd aj polyakryl, je inovat\u00edvnym spojen\u00edm t\u00fdch najlep\u0161\u00edch vlastnost\u00ed oboch materi\u00e1lov. V\u00fdsledkom je hust\u00e1 konzistenica. Pru\u017enos\u0165 g\u00e9lu a pevnos\u0165 akrylu v\u00e1m zabezpe\u010d\u00ed dokonal\u00e9 nechty. Formujeme ho pomocou ploch\u00e9ho \u0161tetca do \u0161abl\u00f3nov, alebo dual foriem. Na formovanie m\u00f4\u017eete pou\u017ei\u0165 aj \u0161peci\u00e1lnu lopatku na formovanie.<\/p>\n\n\n\n<p>Polyg\u00e9l je vhodn\u00fd aj na prirodzen\u00e9 nechty. Je to \u00fa\u017easn\u00fd materi\u00e1l pre za\u010d\u00ednaj\u00face necht\u00e1rky, preto\u017ee nezatek\u00e1, a teda sa modelovaniu m\u00f4\u017eete venova\u0165 tak dlho ako potrebujete. Vytvrdne v\u00e1m v UV, LED a Dual lampe.<\/p>\n<\/div><\/div>\n\n\n\n<div class=\"wp-block-columns is-layout-flex wp-container-core-columns-is-layout-9d6595d7 wp-block-columns-is-layout-flex\">\n<div class=\"wp-block-column is-layout-flow wp-block-column-is-layout-flow\" style=\"flex-basis:100%\">\n<figure class=\"wp-block-gallery aligncenter columns-1 is-cropped wp-block-gallery-1 is-layout-flex wp-block-gallery-is-layout-flex\"><ul class=\"blocks-gallery-grid\"><li class=\"blocks-gallery-item\"><figure><img decoding=\"async\" width=\"1024\" height=\"1024\" src=\"https:\/\/www.angelnails.sk\/web\/wp-content\/uploads\/2021\/03\/23-1024x1024.jpg\" alt=\"zdobene nechty\" data-id=\"53\" data-full-url=\"https:\/\/www.angelnails.sk\/web\/wp-content\/uploads\/2021\/03\/23.jpg\" data-link=\"https:\/\/www.angelnails.sk\/web\/index.php\/zdobenie-nechtov\/attachment\/23\/\" class=\"wp-image-53\" srcset=\"https:\/\/www.angelnails.sk\/web\/wp-content\/uploads\/2021\/03\/23-1024x1024.jpg 1024w, https:\/\/www.angelnails.sk\/web\/wp-content\/uploads\/2021\/03\/23-300x300.jpg 300w, https:\/\/www.angelnails.sk\/web\/wp-content\/uploads\/2021\/03\/23-150x150.jpg 150w, https:\/\/www.angelnails.sk\/web\/wp-content\/uploads\/2021\/03\/23-768x768.jpg 768w, https:\/\/www.angelnails.sk\/web\/wp-content\/uploads\/2021\/03\/23-1536x1536.jpg 1536w, https:\/\/www.angelnails.sk\/web\/wp-content\/uploads\/2021\/03\/23-435x435.jpg 435w, https:\/\/www.angelnails.sk\/web\/wp-content\/uploads\/2021\/03\/23-60x60.jpg 60w, https:\/\/www.angelnails.sk\/web\/wp-content\/uploads\/2021\/03\/23.jpg 2048w\" sizes=\"(max-width: 1024px) 100vw, 1024px\" \/><\/figure><\/li><\/ul><\/figure>\n<\/div>\n<\/div>\n","protected":false},"excerpt":{"rendered":"<p>Polyg\u00e9l \u2013 inovat\u00edvne rie\u0161enie v nechtovom dizajne V nechtovom dizajne sa stret\u00e1vame so \u0161irok\u00fdm sortimentom r\u00f4znych materi\u00e1lov, produktov. Prin\u00e1\u0161a nespo\u010detne ve\u013ea mo\u017enost\u00ed. Ozna\u010denie jednotliv\u00fdch v\u00fdrobkov sa m\u00f4\u017ee zda\u0165 dokonca a\u017e chaotick\u00e9. Po\u010fme si teda spolo\u010dne zadefinova\u0165 aspo\u0148 z\u00e1kladn\u00e9 pojmy. Medzi hlavn\u00e9 materi\u00e1ly, s ktor\u00fdmi sa v nechtovom dizajne pracuje, je g\u00e9l&nbsp;&nbsp;a akryl. Sl\u00fa\u017eia na model\u00e1ciu &hellip; <\/p>\n","protected":false},"author":1,"featured_media":0,"parent":0,"menu_order":0,"comment_status":"closed","ping_status":"closed","template":"","meta":{"footnotes":""},"class_list":["post-22","page","type-page","status-publish","hentry"],"_links":{"self":[{"href":"https:\/\/www.angelnails.sk\/web\/index.php\/wp-json\/wp\/v2\/pages\/22","targetHints":{"allow":["GET"]}}],"collection":[{"href":"https:\/\/www.angelnails.sk\/web\/index.php\/wp-json\/wp\/v2\/pages"}],"about":[{"href":"https:\/\/www.angelnails.sk\/web\/index.php\/wp-json\/wp\/v2\/types\/page"}],"author":[{"embeddable":true,"href":"https:\/\/www.angelnails.sk\/web\/index.php\/wp-json\/wp\/v2\/users\/1"}],"replies":[{"embeddable":true,"href":"https:\/\/www.angelnails.sk\/web\/index.php\/wp-json\/wp\/v2\/comments?post=22"}],"version-history":[{"count":5,"href":"https:\/\/www.angelnails.sk\/web\/index.php\/wp-json\/wp\/v2\/pages\/22\/revisions"}],"predecessor-version":[{"id":611,"href":"https:\/\/www.angelnails.sk\/web\/index.php\/wp-json\/wp\/v2\/pages\/22\/revisions\/611"}],"wp:attachment":[{"href":"https:\/\/www.angelnails.sk\/web\/index.php\/wp-json\/wp\/v2\/media?parent=22"}],"curies":[{"name":"wp","href":"https:\/\/api.w.org\/{rel}","templated":true}]}}