{"id":21,"date":"2021-03-07T17:51:37","date_gmt":"2021-03-07T16:51:37","guid":{"rendered":"https:\/\/www.angelnails.sk\/web\/?page_id=21"},"modified":"2024-11-19T17:22:50","modified_gmt":"2024-11-19T16:22:50","slug":"gelove-nechty-nitra-kvalitne-sluzby-manikura-nechty","status":"publish","type":"page","link":"https:\/\/www.angelnails.sk\/web\/index.php\/gelove-nechty-nitra-kvalitne-sluzby-manikura-nechty\/","title":{"rendered":"G\u00c9LOV\u00c9 NECHTY"},"content":{"rendered":"\n<h4 class=\"wp-block-heading\">G\u00e9lov\u00e9 nechty &#8211; trvanie 1,5 hod. &#8211; 2 hod. pod\u013ea zdobenia<\/h4>\n\n\n\n<p>G\u00e9lov\u00e9 nechty s\u00fa \u010doraz viac ob\u013e\u00fabenej\u0161ie nie len v d\u00f4le\u017eit\u00e9 dni ako svadba, stu\u017ekov\u00e1, prom\u00f3cie, ale aj na ka\u017edodenn\u00e9 nosenie. Je to modern\u00fd, ale z\u00e1rove\u0148 aj praktick\u00fd sp\u00f4sob, ako ma\u0165 dokonal\u00e9 nechty po dlh\u00fd \u010das. \u010ci u\u017e s\u00fa va\u0161e nechty nerovnomern\u00e9, l\u00e1mu sa alebo nenarast\u00fa do po\u017eadovanej d\u013a\u017eky, g\u00e9lov\u00e9 nechty v\u00e1m sny o kr\u00e1snych nechtoch ur\u010dite splnia! <\/p>\n\n\n\n<p>Profesion\u00e1lne spraven\u00e9 g\u00e9lov\u00e9 nechty v\u00e1m vydr\u017eia aj nieko\u013eko t\u00fd\u017ed\u0148ov, av\u0161ak z\u00e1vis\u00ed to aj od rastu va\u0161ich prirodzen\u00fdch nechtov a na pr\u00e1ci, ktor\u00fa ka\u017edodenne vykon\u00e1vate. Takto kvalitne vymodelovan\u00e9 g\u00e9lov\u00e9 nechty nepo\u0161kodia va\u0161e pr\u00edrodn\u00e9 nechty a s\u00fa zdravotne nez\u00e1vadn\u00e9. <\/p>\n\n\n\n<p>Rovnako ako prirodzen\u00e9 nechty aj g\u00e9lov\u00e9 nechty sa m\u00f4\u017eu pri prudkom n\u00e1raze zlomi\u0165 \u010di odpadn\u00fa\u0165. V takom pr\u00edpade je potrebn\u00e9 op\u00e4\u0165 nav\u0161t\u00edvi\u0165 n\u00e1\u0161 sal\u00f3n, aby sme v\u00e1m zlomen\u00fd\/odpadnut\u00fd necht opravili. Nikdy si ich v\u0161ak nestrh\u00e1vajte sama, ani ich sama nenaliepajte! Tak\u00fdmito \u00fakonmi si m\u00f4\u017eete sp\u00f4sobi\u0165 v\u00e1\u017ene zdravotn\u00e9 rizik\u00e1. <\/p>\n\n\n\n<p>G\u00e9lov\u00e9 modelovanie nechtov m\u00e1 nekone\u010dn\u00e9 mno\u017estvo vari\u00e1nt ako vytvori\u0165 nechty pod\u013ea va\u0161ich predst\u00e1v. S touto technikou m\u00e1me mno\u017estvo sk\u00fasenost\u00ed a preto v\u00e1m vieme poradi\u0165, ktor\u00fd \u0161t\u00fdl je pr\u00e1ve IN, pr\u00edpadne ak\u00e9 nechty zvoli\u0165 na konkr\u00e9tnu pr\u00edle\u017eitos\u0165.&nbsp;<\/p>\n\n\n\n<figure class=\"wp-block-video\"><video height=\"1280\" style=\"aspect-ratio: 720 \/ 1280;\" width=\"720\" controls src=\"https:\/\/www.angelnails.sk\/web\/wp-content\/uploads\/2022\/08\/sablonky-indigo-1.mov\"><\/video><\/figure>\n\n\n\n<p class=\"has-black-color has-pale-pink-background-color has-text-color has-background has-medium-font-size\"><strong>7 naj\u010dastej\u0161\u00edch ot\u00e1zok o slu\u017ebe &#8211; g\u00e9lov\u00e9 nechty<\/strong><\/p>\n\n\n\n<h4 class=\"wp-block-heading\">1. S\u00fa pre m\u0148a g\u00e9lov\u00e9 nechty vhodn\u00e9 ?<\/h4>\n\n\n\n<p>G\u00e9lov\u00e9 nechty s\u00fa rie\u0161en\u00edm pre d\u00e1my, ktor\u00e9 t\u00fa\u017eia po dlh\u00fdch nechtoch + im vydr\u017eia bez ak\u00fdchko\u013evek \u00faprav cel\u00e9 4 t\u00fd\u017edne. Z\u00e1kladom kvalitn\u00fdch g\u00e9lov\u00fdch nechtov je prec\u00edzna pr\u00edstrojov\u00e1 manik\u00fara, ktor\u00e1 zabezpe\u010d\u00ed, nielen kraj\u0161\u00ed v\u00fdsledok, ale aj dlh\u0161iu trv\u00e1cnos\u0165.&nbsp;<\/p>\n\n\n\n<h4 class=\"wp-block-heading\">2. Ako sa robia g\u00e9lov\u00e9 nechty ?<\/h4>\n\n\n\n<p>Na pred\u013a\u017eenie nechtov pou\u017e\u00edvame papierov\u00e9 \u0161abl\u00f3nky. Je to modern\u00e1 a ve\u013emi \u0161etrn\u00e1 met\u00f3da. Pod vo\u013en\u00fd okraj nechtu sa zastr\u010d\u00ed papierov\u00e1 \u0161abl\u00f3nka, na ktor\u00fa sa nanesie g\u00e9l do po\u017eadovanej d\u013a\u017eky a tvaru. Po vytvrdnut\u00ed v led lampe sa \u0161abl\u00f3nka jednoducho odlep\u00ed od g\u00e9lu a zostane pevn\u00fd, pekne vymodelovan\u00fd necht. Nechty sa e\u0161te obr\u00fasia, aby sme dosiahli dokonal\u00fd jednotn\u00fd tvar a nanesie sa po\u017eadovan\u00e1 farba a zdobenie. Takto pred\u013a\u017een\u00e9 nechty p\u00f4sobia na poh\u013ead prirodzene a z\u00e1rove\u0148 m\u00e1te pocit ako by boli Va\u0161e vlastn\u00e9 pr\u00e1ve v\u010faka tomu, \u017ee nie je na nechte prilepen\u00fd umel\u00fd plastov\u00fd tip.<\/p>\n\n\n\n<h5 class=\"wp-block-heading\">3. Pre\u010do sa nepou\u017e\u00edvaj\u00fa umel\u00e9 tipy?<\/h5>\n\n\n\n<p>Lepenie umel\u00fdch tipov po\u0161kodzuje Va\u0161e nechty, nako\u013eko sa pou\u017e\u00edvaj\u00fa siln\u00e9 lepidl\u00e1, ktor\u00e9 nar\u00fa\u0161aj\u00fa prirodzen\u00fa nechtov\u00fa platni\u010dku. Doch\u00e1dza aj k \u010dastej\u0161iemu l\u00e1maniu nechtov, preto\u017ee pr\u00e1ve uvo\u013enen\u00fd alebo zle nalepen\u00fd tip je \u010dastou pr\u00ed\u010dinou zlomen\u00e9ho nechtu.<\/p>\n\n\n\n<h4 class=\"wp-block-heading\">4. Ak\u00e9 s\u00fa v\u00fdhody g\u00e9lov\u00fdch nechtov ?<\/h4>\n\n\n\n<p>G\u00e9lov\u00e9 nechty s\u00fa vhodn\u00e9 pre d\u00e1my, ktor\u00e9 maj\u00fa kr\u00e1tke, l\u00e1maj\u00face sa \u010di \u0161tiepiace nechty. Aplik\u00e1cia g\u00e9lu pom\u00f4\u017ee nechty spevni\u0165 a pred\u00eds\u0165 tak k ich l\u00e1maniu. Dokonca s\u00fa rie\u0161en\u00edm pre tie z V\u00e1s, ktor\u00e9 m\u00e1te probl\u00e9m s okusovan\u00edm nechtov alebo nechtov\u00fdch ko\u017ei\u010diek. V\u00e4\u010d\u0161ina d\u00e1m s t\u00fdmto zlozvykom pr\u00e1ve v\u010faka g\u00e9lov\u00fdm nechtom prestane.<\/p>\n\n\n\n<h4 class=\"wp-block-heading\">5. Ako dlho mi vydr\u017eia g\u00e9lov\u00e9 nechty ?<\/h4>\n\n\n\n<p>\u017divotnos\u0165 g\u00e9lov\u00fdch nechtov je u ka\u017edej z\u00e1kazn\u00ed\u010dky individu\u00e1lna, v\u00e4\u010d\u0161inou je to 3-5 t\u00fd\u017ed\u0148ov. Z\u00e1le\u017e\u00ed to od kvality Va\u0161ich pr\u00edrodn\u00fdch nechtov, od toho ako r\u00fdchlo V\u00e1m nechty rast\u00fa, od z\u00e1\u0165a\u017ee ktorej nechty vystavujete a samozrejme od kvality prevedenej pr\u00e1ce.&nbsp;<\/p>\n\n\n\n<h4 class=\"wp-block-heading\">6. Ako prebieha doplnenie (dor\u00e1bka) g\u00e9lov\u00fdch nechtov ?<\/h4>\n\n\n\n<p>Po 3-5 t\u00fd\u017ed\u0148och sa rob\u00ed doplnenie, pri ktorom sa opatrne zbr\u00fasi farebn\u00fd g\u00e9l, op\u00e4\u0165 sprav\u00edme pr\u00edstrojov\u00fa manik\u00faru, nanesieme nov\u00fd g\u00e9l a urob\u00edme nov\u00e9 zdobenie pod\u013ea Va\u0161ich predst\u00e1v. Pri zbrusovan\u00ed nedoch\u00e1dza k po\u0161kodeniu pr\u00edrodn\u00fdch nechtov. Rob\u00edme to ve\u013emi opatrne a po prirodzenom nechte prech\u00e1dzame s br\u00faskou \u010di piln\u00edkom len minim\u00e1lne, samozrejme s n\u00e1dstavcami a piln\u00edkmi ur\u010den\u00fdmi pr\u00e1ve na pr\u00edrodn\u00e9 nechty.<\/p>\n\n\n\n<h4 class=\"wp-block-heading\">7. Pre\u010do je d\u00f4le\u017eit\u00e9 podbrusovanie g\u00e9lov\u00fdch nechtov ?<\/h4>\n\n\n\n<p>D\u00f4le\u017eitou s\u00fa\u010das\u0165ou doplnenia je zbr\u00fasenie nechtov aj zo spodnej \u010dasti. Takto pred\u00eddeme zat\u00e1\u010daniu sa nechtov smerom dole, tzv. &#8222;orlie dr\u00e1py&#8220;. Naj\u010dastej\u0161ie sa tento probl\u00e9m vyskytuje na ukazov\u00e1koch. Podbr\u00fasenie je potrebn\u00e9 najm\u00e4 pri dlh\u00fdch nechtoch, ktor\u00e9 prirodzene rast\u00fa smerom dole.<\/p>\n\n\n\n<p class=\"has-medium-font-size\"><strong>8. \u010co s\u00fa to polyg\u00e9lov\u00e9 nechty? <\/strong><\/p>\n\n\n\n<p>Odpove\u010f na t\u00fato ot\u00e1zku si pre\u010d\u00edtajte <a href=\"https:\/\/www.angelnails.sk\/web\/index.php\/polygelove-akrylgelove-dokonale-nechty\/\" target=\"_blank\" rel=\"noreferrer noopener\">TU:<\/a><\/p>\n","protected":false},"excerpt":{"rendered":"<p>gelove-nechty-nitra-kvalitne-sluzby-manikura<\/p>\n","protected":false},"author":1,"featured_media":1050,"parent":0,"menu_order":0,"comment_status":"closed","ping_status":"closed","template":"","meta":{"footnotes":""},"class_list":["post-21","page","type-page","status-publish","has-post-thumbnail","hentry"],"_links":{"self":[{"href":"https:\/\/www.angelnails.sk\/web\/index.php\/wp-json\/wp\/v2\/pages\/21","targetHints":{"allow":["GET"]}}],"collection":[{"href":"https:\/\/www.angelnails.sk\/web\/index.php\/wp-json\/wp\/v2\/pages"}],"about":[{"href":"https:\/\/www.angelnails.sk\/web\/index.php\/wp-json\/wp\/v2\/types\/page"}],"author":[{"embeddable":true,"href":"https:\/\/www.angelnails.sk\/web\/index.php\/wp-json\/wp\/v2\/users\/1"}],"replies":[{"embeddable":true,"href":"https:\/\/www.angelnails.sk\/web\/index.php\/wp-json\/wp\/v2\/comments?post=21"}],"version-history":[{"count":6,"href":"https:\/\/www.angelnails.sk\/web\/index.php\/wp-json\/wp\/v2\/pages\/21\/revisions"}],"predecessor-version":[{"id":1052,"href":"https:\/\/www.angelnails.sk\/web\/index.php\/wp-json\/wp\/v2\/pages\/21\/revisions\/1052"}],"wp:featuredmedia":[{"embeddable":true,"href":"https:\/\/www.angelnails.sk\/web\/index.php\/wp-json\/wp\/v2\/media\/1050"}],"wp:attachment":[{"href":"https:\/\/www.angelnails.sk\/web\/index.php\/wp-json\/wp\/v2\/media?parent=21"}],"curies":[{"name":"wp","href":"https:\/\/api.w.org\/{rel}","templated":true}]}}