{"id":179,"date":"2021-03-07T21:41:33","date_gmt":"2021-03-07T20:41:33","guid":{"rendered":"https:\/\/www.angelnails.sk\/web\/?page_id=179"},"modified":"2025-05-11T09:24:35","modified_gmt":"2025-05-11T07:24:35","slug":"gelove-nechty-nitra-krasne-upravene-nechty","status":"publish","type":"page","link":"https:\/\/www.angelnails.sk\/web\/index.php\/gelove-nechty-nitra-krasne-upravene-nechty\/","title":{"rendered":"O n\u00e1s"},"content":{"rendered":"\n<p class=\"has-text-align-center has-black-color has-white-background-color has-text-color has-background has-medium-font-size\">                Vitajte vo svete kr\u00e1snych nechtov.   Vychutnajte si pohodlie a starostlivos\u0165 o Va\u0161e ruky v sal\u00f3ne ANGEL NAILS v Nitre.<\/p>\n\n\n\n<div class=\"wp-block-buttons is-horizontal is-content-justification-center is-layout-flex wp-container-core-buttons-is-layout-499968f5 wp-block-buttons-is-layout-flex\">\n<div class=\"wp-block-button is-style-fill\"><a class=\"wp-block-button__link has-vivid-red-background-color has-background wp-element-button\" href=\"https:\/\/www.instagram.com\/stories\/angelnails_sk\/2556856719813468285\/\" target=\"_blank\" rel=\"noreferrer noopener\">Aktu\u00e1lne novinky!<\/a><\/div>\n<\/div>\n\n\n\n<figure class=\"wp-block-image size-large\"><img decoding=\"async\" width=\"824\" height=\"1024\" src=\"https:\/\/www.angelnails.sk\/web\/wp-content\/uploads\/2021\/07\/Milka_Dudasova-824x1024.jpg\" alt=\"\" class=\"wp-image-432\" srcset=\"https:\/\/www.angelnails.sk\/web\/wp-content\/uploads\/2021\/07\/Milka_Dudasova-824x1024.jpg 824w, https:\/\/www.angelnails.sk\/web\/wp-content\/uploads\/2021\/07\/Milka_Dudasova-241x300.jpg 241w, https:\/\/www.angelnails.sk\/web\/wp-content\/uploads\/2021\/07\/Milka_Dudasova-121x150.jpg 121w, https:\/\/www.angelnails.sk\/web\/wp-content\/uploads\/2021\/07\/Milka_Dudasova-768x954.jpg 768w, https:\/\/www.angelnails.sk\/web\/wp-content\/uploads\/2021\/07\/Milka_Dudasova-1236x1536.jpg 1236w, https:\/\/www.angelnails.sk\/web\/wp-content\/uploads\/2021\/07\/Milka_Dudasova-48x60.jpg 48w, https:\/\/www.angelnails.sk\/web\/wp-content\/uploads\/2021\/07\/Milka_Dudasova.jpg 1240w\" sizes=\"(max-width: 824px) 100vw, 824px\" \/><figcaption class=\"wp-element-caption\">Do tejto zna\u010dky som sa doslova zamilovala a tie\u017e aj moje z\u00e1kazn\u00ed\u010dky, ktor\u00e9 oce\u0148uj\u00fa n\u00e1dhern\u00e9 kolekcie farebn\u00fdch g\u00e9l lakov. <br>Po absolvovan\u00ed nieko\u013ek\u00fdch \u0161kolen\u00ed, ktor\u00e9 viedla Ali som od nej dostala pozv\u00e1nku vst\u00fapi\u0165 do Indigo rodiny, a z\u00e1rove\u0148 sa &nbsp;z m\u00f4jho sal\u00f3nu Angel nails stal Indigonail salon. Som \u0161\u0165astn\u00e1, \u017ee moje hobby je s\u00fa\u010dasne aj mojou pr\u00e1cou, ktor\u00e1 m\u00e1 skuto\u010dne nap\u013a\u0148a.&nbsp;<\/figcaption><\/figure>\n\n\n\n<p><\/p>\n\n\n\n<div class=\"wp-block-buttons is-horizontal is-content-justification-center is-layout-flex wp-container-core-buttons-is-layout-499968f5 wp-block-buttons-is-layout-flex\">\n<div class=\"wp-block-button\"><a class=\"wp-block-button__link has-white-color has-vivid-purple-background-color has-text-color has-background wp-element-button\">                    V pr\u00edpade z\u00e1ujmu a dohodnutie term\u00ednu na ak\u00fako\u013evek z na\u0161ich slu\u017eieb,                                          n\u00e1s kontaktuje telefonicky alebo mailom.   <\/a><\/div>\n<\/div>\n\n\n\n<div class=\"wp-block-group alignwide\"><div class=\"wp-block-group__inner-container is-layout-flow wp-block-group-is-layout-flow\">\n<div class=\"wp-block-media-text alignwide has-media-on-the-right has-blush-light-purple-gradient-background has-background\"><div class=\"wp-block-media-text__content\">\n<p class=\"has-text-align-left has-medium-font-size\"><a href=\"https:\/\/www.angelnails.sk\/web\/index.php\/gel-lak-prirodzene-krasne-nechty\/\" target=\"_blank\" rel=\"noreferrer noopener\"><strong>G\u00c9L LAK<\/strong><\/a><\/p>\n\n\n\n<p>Potiahnutie pr\u00edrodn\u00fdch nechtov tzv. g\u00e9l lakom &#8211; s\u00fa ten\u0161ie a prirodzenej\u0161ie.<\/p>\n<\/div><figure class=\"wp-block-media-text__media\"><img decoding=\"async\" width=\"1024\" height=\"1024\" src=\"https:\/\/www.angelnails.sk\/web\/wp-content\/uploads\/2023\/07\/IMG_0834-1024x1024.jpg\" alt=\"\" class=\"wp-image-1036 size-large\" srcset=\"https:\/\/www.angelnails.sk\/web\/wp-content\/uploads\/2023\/07\/IMG_0834-1024x1024.jpg 1024w, https:\/\/www.angelnails.sk\/web\/wp-content\/uploads\/2023\/07\/IMG_0834-300x300.jpg 300w, https:\/\/www.angelnails.sk\/web\/wp-content\/uploads\/2023\/07\/IMG_0834-150x150.jpg 150w, https:\/\/www.angelnails.sk\/web\/wp-content\/uploads\/2023\/07\/IMG_0834-768x768.jpg 768w, https:\/\/www.angelnails.sk\/web\/wp-content\/uploads\/2023\/07\/IMG_0834-435x435.jpg 435w, https:\/\/www.angelnails.sk\/web\/wp-content\/uploads\/2023\/07\/IMG_0834-60x60.jpg 60w, https:\/\/www.angelnails.sk\/web\/wp-content\/uploads\/2023\/07\/IMG_0834.jpg 1080w\" sizes=\"(max-width: 1024px) 100vw, 1024px\" \/><\/figure><\/div>\n\n\n\n<p><\/p>\n<\/div><\/div>\n\n\n\n<div class=\"wp-block-media-text alignwide is-vertically-aligned-center has-background\" style=\"background:linear-gradient(135deg,rgb(255,203,112) 0%,rgb(199,81,192) 97%,rgb(65,88,208) 100%);grid-template-columns:49% auto\"><figure class=\"wp-block-media-text__media\"><img decoding=\"async\" width=\"1024\" height=\"768\" src=\"https:\/\/www.angelnails.sk\/web\/wp-content\/uploads\/2023\/07\/svadobne_vlavo-1024x768.jpg\" alt=\"\" class=\"wp-image-1061 size-full\" srcset=\"https:\/\/www.angelnails.sk\/web\/wp-content\/uploads\/2023\/07\/svadobne_vlavo-1024x768.jpg 1024w, https:\/\/www.angelnails.sk\/web\/wp-content\/uploads\/2023\/07\/svadobne_vlavo-300x225.jpg 300w, https:\/\/www.angelnails.sk\/web\/wp-content\/uploads\/2023\/07\/svadobne_vlavo-150x113.jpg 150w, https:\/\/www.angelnails.sk\/web\/wp-content\/uploads\/2023\/07\/svadobne_vlavo-768x576.jpg 768w, https:\/\/www.angelnails.sk\/web\/wp-content\/uploads\/2023\/07\/svadobne_vlavo-1536x1152.jpg 1536w, https:\/\/www.angelnails.sk\/web\/wp-content\/uploads\/2023\/07\/svadobne_vlavo-2048x1536.jpg 2048w, https:\/\/www.angelnails.sk\/web\/wp-content\/uploads\/2023\/07\/svadobne_vlavo-80x60.jpg 80w\" sizes=\"(max-width: 1024px) 100vw, 1024px\" \/><\/figure><div class=\"wp-block-media-text__content\">\n<h1 class=\"wp-block-heading has-text-align-left\" id=\"gelove-nechty\" style=\"font-size:27px\"><a href=\"https:\/\/www.angelnails.sk\/web\/index.php\/gelove-nechty-nitra-kvalitne-sluzby-manikura\/\" target=\"_blank\" rel=\"noreferrer noopener\">G\u00c9LOV\u00c9 NECHTY<\/a><\/h1>\n\n\n\n<p style=\"font-size:22px\"><\/p>\n\n\n\n<p class=\"has-text-align-left\">Pred\u013a\u017eenie nechtov g\u00e9lom pomocou \u0161abl\u00f3nky                  (bez lepenia tipov) alebo doplnenie g\u00e9lov\u00fdch nechtov.<\/p>\n<\/div><\/div>\n\n\n\n<p><\/p>\n\n\n\n<div class=\"wp-block-media-text alignwide has-pale-cyan-blue-background-color has-background\"><figure class=\"wp-block-media-text__media\"><img decoding=\"async\" width=\"768\" height=\"1024\" src=\"https:\/\/www.angelnails.sk\/web\/wp-content\/uploads\/2021\/10\/ld-export-5580b897-09182021-3-768x1024.jpeg\" alt=\"\" class=\"wp-image-631 size-full\" srcset=\"https:\/\/www.angelnails.sk\/web\/wp-content\/uploads\/2021\/10\/ld-export-5580b897-09182021-3-768x1024.jpeg 768w, https:\/\/www.angelnails.sk\/web\/wp-content\/uploads\/2021\/10\/ld-export-5580b897-09182021-3-225x300.jpeg 225w, https:\/\/www.angelnails.sk\/web\/wp-content\/uploads\/2021\/10\/ld-export-5580b897-09182021-3-113x150.jpeg 113w, https:\/\/www.angelnails.sk\/web\/wp-content\/uploads\/2021\/10\/ld-export-5580b897-09182021-3-1152x1536.jpeg 1152w, https:\/\/www.angelnails.sk\/web\/wp-content\/uploads\/2021\/10\/ld-export-5580b897-09182021-3-1536x2048.jpeg 1536w, https:\/\/www.angelnails.sk\/web\/wp-content\/uploads\/2021\/10\/ld-export-5580b897-09182021-3-45x60.jpeg 45w, https:\/\/www.angelnails.sk\/web\/wp-content\/uploads\/2021\/10\/ld-export-5580b897-09182021-3-scaled.jpeg 1920w\" sizes=\"(max-width: 768px) 100vw, 768px\" \/><\/figure><div class=\"wp-block-media-text__content\">\n<h5 class=\"wp-block-heading\" id=\"zdobenie-nechtov\" style=\"font-size:26px\"><a href=\"https:\/\/www.angelnails.sk\/web\/index.php\/gelove-nechty-najnovsie-trendy-2021-zdobenie-nechtov-nadherne-nechty-kreslenie\/\" target=\"_blank\" rel=\"noreferrer noopener\">ZDOBENIE NECHTOV<\/a><\/h5>\n\n\n\n<p>Babyboomer, ombr\u00e9, fr. manik\u00fara, kreslenie, Swarovski kamienky a r\u00f4zne in\u00e9 techniky.          <\/p>\n<\/div><\/div>\n\n\n\n<p><\/p>\n\n\n\n<div class=\"wp-block-media-text alignwide has-media-on-the-right is-stacked-on-mobile has-cyan-bluish-gray-background-color has-background\" style=\"grid-template-columns:auto 58%\"><div class=\"wp-block-media-text__content\">\n<h5 class=\"wp-block-heading has-large-font-size\" id=\"skolenia\"><a href=\"https:\/\/www.angelnails.sk\/web\/index.php\/skolenia-gelove-nechty-nechtovy-dizajn-nitra\/\" target=\"_blank\" rel=\"noreferrer noopener\">\u0160KOLENIA<\/a><\/h5>\n\n\n\n<p>\u0160kolenie zameran\u00e9 na jednu t\u00e9mu, kde sa budeme venova\u0165 len V\u00e1m\/celej skupine.<\/p>\n<\/div><figure class=\"wp-block-media-text__media\"><img decoding=\"async\" width=\"1024\" height=\"768\" src=\"https:\/\/www.angelnails.sk\/web\/wp-content\/uploads\/2021\/06\/IMG_4431-1024x768.jpg\" alt=\"\" class=\"wp-image-405 size-large\" srcset=\"https:\/\/www.angelnails.sk\/web\/wp-content\/uploads\/2021\/06\/IMG_4431-1024x768.jpg 1024w, https:\/\/www.angelnails.sk\/web\/wp-content\/uploads\/2021\/06\/IMG_4431-300x225.jpg 300w, https:\/\/www.angelnails.sk\/web\/wp-content\/uploads\/2021\/06\/IMG_4431-150x112.jpg 150w, https:\/\/www.angelnails.sk\/web\/wp-content\/uploads\/2021\/06\/IMG_4431-768x576.jpg 768w, https:\/\/www.angelnails.sk\/web\/wp-content\/uploads\/2021\/06\/IMG_4431-1536x1152.jpg 1536w, https:\/\/www.angelnails.sk\/web\/wp-content\/uploads\/2021\/06\/IMG_4431-80x60.jpg 80w, https:\/\/www.angelnails.sk\/web\/wp-content\/uploads\/2021\/06\/IMG_4431.jpg 1990w\" sizes=\"(max-width: 1024px) 100vw, 1024px\" \/><\/figure><\/div>\n\n\n\n<div class=\"wp-block-cover\"><span aria-hidden=\"true\" class=\"wp-block-cover__background has-background-dim\"><\/span><div class=\"wp-block-cover__inner-container is-layout-flow wp-block-cover-is-layout-flow\">\n<div class=\"wp-block-group\"><div class=\"wp-block-group__inner-container is-layout-constrained wp-block-group-is-layout-constrained\">\n<div class=\"wp-block-buttons is-horizontal is-content-justification-center is-layout-flex wp-container-core-buttons-is-layout-499968f5 wp-block-buttons-is-layout-flex\">\n<div class=\"wp-block-button is-style-fill\"><a class=\"wp-block-button__link has-white-color has-black-background-color has-text-color has-background has-link-color wp-element-button\">Recenzie od v\u00e1s \ud83d\ude42<\/a><\/div>\n<\/div>\n\n\n\n<div class=\"wp-block-group\"><div class=\"wp-block-group__inner-container is-layout-constrained wp-block-group-is-layout-constrained\">\n<figure class=\"wp-block-gallery has-nested-images columns-default is-cropped wp-block-gallery-1 is-layout-flex wp-block-gallery-is-layout-flex\">\n<figure class=\"wp-block-image size-full\"><img decoding=\"async\" width=\"1080\" height=\"1920\" data-id=\"1221\" src=\"https:\/\/www.angelnails.sk\/web\/wp-content\/uploads\/2025\/03\/gelove-nechty-nitra-6.jpg\" alt=\"recenzia gelove nechty angelnails.sk\" class=\"wp-image-1221\" title=\"recenzia gelove nechty angelnails.sk\" srcset=\"https:\/\/www.angelnails.sk\/web\/wp-content\/uploads\/2025\/03\/gelove-nechty-nitra-6.jpg 1080w, https:\/\/www.angelnails.sk\/web\/wp-content\/uploads\/2025\/03\/gelove-nechty-nitra-6-169x300.jpg 169w, https:\/\/www.angelnails.sk\/web\/wp-content\/uploads\/2025\/03\/gelove-nechty-nitra-6-576x1024.jpg 576w, https:\/\/www.angelnails.sk\/web\/wp-content\/uploads\/2025\/03\/gelove-nechty-nitra-6-84x150.jpg 84w, https:\/\/www.angelnails.sk\/web\/wp-content\/uploads\/2025\/03\/gelove-nechty-nitra-6-768x1365.jpg 768w, https:\/\/www.angelnails.sk\/web\/wp-content\/uploads\/2025\/03\/gelove-nechty-nitra-6-864x1536.jpg 864w\" sizes=\"(max-width: 1080px) 100vw, 1080px\" \/><\/figure>\n<\/figure>\n\n\n\n<figure class=\"wp-block-image size-large\"><img decoding=\"async\" width=\"1080\" height=\"1080\" src=\"https:\/\/www.angelnails.sk\/web\/wp-content\/uploads\/2025\/03\/gelove-nechty-nitra-7-2-edited.jpg\" alt=\"\" class=\"wp-image-1244\" srcset=\"https:\/\/www.angelnails.sk\/web\/wp-content\/uploads\/2025\/03\/gelove-nechty-nitra-7-2-edited.jpg 1080w, https:\/\/www.angelnails.sk\/web\/wp-content\/uploads\/2025\/03\/gelove-nechty-nitra-7-2-edited-300x300.jpg 300w, https:\/\/www.angelnails.sk\/web\/wp-content\/uploads\/2025\/03\/gelove-nechty-nitra-7-2-edited-1024x1024.jpg 1024w, https:\/\/www.angelnails.sk\/web\/wp-content\/uploads\/2025\/03\/gelove-nechty-nitra-7-2-edited-150x150.jpg 150w, https:\/\/www.angelnails.sk\/web\/wp-content\/uploads\/2025\/03\/gelove-nechty-nitra-7-2-edited-768x768.jpg 768w, https:\/\/www.angelnails.sk\/web\/wp-content\/uploads\/2025\/03\/gelove-nechty-nitra-7-2-edited-435x435.jpg 435w\" sizes=\"(max-width: 1080px) 100vw, 1080px\" \/><\/figure>\n\n\n\n<figure class=\"wp-block-image size-large\"><img decoding=\"async\" width=\"1080\" height=\"1080\" src=\"https:\/\/www.angelnails.sk\/web\/wp-content\/uploads\/2025\/03\/gelove-nechty-nitra-3-edited.jpg\" alt=\"\" class=\"wp-image-1245\" srcset=\"https:\/\/www.angelnails.sk\/web\/wp-content\/uploads\/2025\/03\/gelove-nechty-nitra-3-edited.jpg 1080w, https:\/\/www.angelnails.sk\/web\/wp-content\/uploads\/2025\/03\/gelove-nechty-nitra-3-edited-300x300.jpg 300w, https:\/\/www.angelnails.sk\/web\/wp-content\/uploads\/2025\/03\/gelove-nechty-nitra-3-edited-1024x1024.jpg 1024w, https:\/\/www.angelnails.sk\/web\/wp-content\/uploads\/2025\/03\/gelove-nechty-nitra-3-edited-150x150.jpg 150w, https:\/\/www.angelnails.sk\/web\/wp-content\/uploads\/2025\/03\/gelove-nechty-nitra-3-edited-768x768.jpg 768w, https:\/\/www.angelnails.sk\/web\/wp-content\/uploads\/2025\/03\/gelove-nechty-nitra-3-edited-435x435.jpg 435w\" sizes=\"(max-width: 1080px) 100vw, 1080px\" \/><\/figure>\n\n\n\n<figure class=\"wp-block-image size-large\"><img decoding=\"async\" width=\"1080\" height=\"1080\" src=\"https:\/\/www.angelnails.sk\/web\/wp-content\/uploads\/2025\/03\/gelove-nechty-nitra-5-edited.jpg\" alt=\"\" class=\"wp-image-1246\" srcset=\"https:\/\/www.angelnails.sk\/web\/wp-content\/uploads\/2025\/03\/gelove-nechty-nitra-5-edited.jpg 1080w, https:\/\/www.angelnails.sk\/web\/wp-content\/uploads\/2025\/03\/gelove-nechty-nitra-5-edited-300x300.jpg 300w, https:\/\/www.angelnails.sk\/web\/wp-content\/uploads\/2025\/03\/gelove-nechty-nitra-5-edited-1024x1024.jpg 1024w, https:\/\/www.angelnails.sk\/web\/wp-content\/uploads\/2025\/03\/gelove-nechty-nitra-5-edited-150x150.jpg 150w, https:\/\/www.angelnails.sk\/web\/wp-content\/uploads\/2025\/03\/gelove-nechty-nitra-5-edited-768x768.jpg 768w, https:\/\/www.angelnails.sk\/web\/wp-content\/uploads\/2025\/03\/gelove-nechty-nitra-5-edited-435x435.jpg 435w\" sizes=\"(max-width: 1080px) 100vw, 1080px\" \/><\/figure>\n\n\n\n<figure class=\"wp-block-image size-large\"><img decoding=\"async\" width=\"1080\" height=\"1080\" src=\"https:\/\/www.angelnails.sk\/web\/wp-content\/uploads\/2025\/03\/gelove-nechty-nitra-1-1-edited.jpg\" alt=\"\" class=\"wp-image-1248\" srcset=\"https:\/\/www.angelnails.sk\/web\/wp-content\/uploads\/2025\/03\/gelove-nechty-nitra-1-1-edited.jpg 1080w, https:\/\/www.angelnails.sk\/web\/wp-content\/uploads\/2025\/03\/gelove-nechty-nitra-1-1-edited-300x300.jpg 300w, https:\/\/www.angelnails.sk\/web\/wp-content\/uploads\/2025\/03\/gelove-nechty-nitra-1-1-edited-1024x1024.jpg 1024w, https:\/\/www.angelnails.sk\/web\/wp-content\/uploads\/2025\/03\/gelove-nechty-nitra-1-1-edited-150x150.jpg 150w, https:\/\/www.angelnails.sk\/web\/wp-content\/uploads\/2025\/03\/gelove-nechty-nitra-1-1-edited-768x768.jpg 768w, https:\/\/www.angelnails.sk\/web\/wp-content\/uploads\/2025\/03\/gelove-nechty-nitra-1-1-edited-435x435.jpg 435w\" sizes=\"(max-width: 1080px) 100vw, 1080px\" \/><\/figure>\n\n\n\n<figure class=\"wp-block-image size-large\"><img decoding=\"async\" width=\"1080\" height=\"1080\" src=\"https:\/\/www.angelnails.sk\/web\/wp-content\/uploads\/2025\/03\/gelove-nechty-nitra-2-edited-1.jpg\" alt=\"recenzia gelove nechty angelnails.sk\" class=\"wp-image-1250\" srcset=\"https:\/\/www.angelnails.sk\/web\/wp-content\/uploads\/2025\/03\/gelove-nechty-nitra-2-edited-1.jpg 1080w, https:\/\/www.angelnails.sk\/web\/wp-content\/uploads\/2025\/03\/gelove-nechty-nitra-2-edited-1-300x300.jpg 300w, https:\/\/www.angelnails.sk\/web\/wp-content\/uploads\/2025\/03\/gelove-nechty-nitra-2-edited-1-1024x1024.jpg 1024w, https:\/\/www.angelnails.sk\/web\/wp-content\/uploads\/2025\/03\/gelove-nechty-nitra-2-edited-1-150x150.jpg 150w, https:\/\/www.angelnails.sk\/web\/wp-content\/uploads\/2025\/03\/gelove-nechty-nitra-2-edited-1-768x768.jpg 768w, https:\/\/www.angelnails.sk\/web\/wp-content\/uploads\/2025\/03\/gelove-nechty-nitra-2-edited-1-435x435.jpg 435w\" sizes=\"(max-width: 1080px) 100vw, 1080px\" \/><\/figure>\n<\/div><\/div>\n\n\n\n<figure class=\"wp-block-image size-large is-style-default\"><img decoding=\"async\" width=\"1024\" height=\"1024\" src=\"https:\/\/www.angelnails.sk\/web\/wp-content\/uploads\/2025\/03\/gelove-nechty-nitra-1-edited-1024x1024.jpg\" alt=\"\" class=\"wp-image-1228\" srcset=\"https:\/\/www.angelnails.sk\/web\/wp-content\/uploads\/2025\/03\/gelove-nechty-nitra-1-edited-1024x1024.jpg 1024w, https:\/\/www.angelnails.sk\/web\/wp-content\/uploads\/2025\/03\/gelove-nechty-nitra-1-edited-300x300.jpg 300w, https:\/\/www.angelnails.sk\/web\/wp-content\/uploads\/2025\/03\/gelove-nechty-nitra-1-edited-150x150.jpg 150w, https:\/\/www.angelnails.sk\/web\/wp-content\/uploads\/2025\/03\/gelove-nechty-nitra-1-edited-768x768.jpg 768w, https:\/\/www.angelnails.sk\/web\/wp-content\/uploads\/2025\/03\/gelove-nechty-nitra-1-edited-435x435.jpg 435w, https:\/\/www.angelnails.sk\/web\/wp-content\/uploads\/2025\/03\/gelove-nechty-nitra-1-edited.jpg 1080w\" sizes=\"(max-width: 1024px) 100vw, 1024px\" \/><figcaption class=\"wp-element-caption\">recenzia 3<\/figcaption><\/figure>\n\n\n\n<figure class=\"wp-block-image size-large\"><img decoding=\"async\" width=\"1024\" height=\"1024\" src=\"https:\/\/www.angelnails.sk\/web\/wp-content\/uploads\/2025\/03\/gelove-nechty-nitra-8-edited-1024x1024.jpg\" alt=\"\" class=\"wp-image-1229\" srcset=\"https:\/\/www.angelnails.sk\/web\/wp-content\/uploads\/2025\/03\/gelove-nechty-nitra-8-edited-1024x1024.jpg 1024w, https:\/\/www.angelnails.sk\/web\/wp-content\/uploads\/2025\/03\/gelove-nechty-nitra-8-edited-300x300.jpg 300w, https:\/\/www.angelnails.sk\/web\/wp-content\/uploads\/2025\/03\/gelove-nechty-nitra-8-edited-150x150.jpg 150w, https:\/\/www.angelnails.sk\/web\/wp-content\/uploads\/2025\/03\/gelove-nechty-nitra-8-edited-768x768.jpg 768w, https:\/\/www.angelnails.sk\/web\/wp-content\/uploads\/2025\/03\/gelove-nechty-nitra-8-edited-435x435.jpg 435w, https:\/\/www.angelnails.sk\/web\/wp-content\/uploads\/2025\/03\/gelove-nechty-nitra-8-edited.jpg 1080w\" sizes=\"(max-width: 1024px) 100vw, 1024px\" \/><figcaption class=\"wp-element-caption\">recenzia 4<\/figcaption><\/figure>\n<\/div><\/div>\n<\/div><\/div>\n\n\n\n<p><\/p>\n\n\n\n<div class=\"wp-block-columns is-layout-flex wp-container-core-columns-is-layout-9d6595d7 wp-block-columns-is-layout-flex\">\n<div class=\"wp-block-column is-layout-flow wp-block-column-is-layout-flow\">\n<h5 class=\"wp-block-heading has-text-align-left\" id=\"vzdy-na-100-percent\">V\u017dDY NA 100 PERCENT<\/h5>\n\n\n\n<p class=\"has-text-align-left\">Na\u0161u pr\u00e1cu rob\u00edme poctivo a s l\u00e1skou. Z\u00e1le\u017e\u00ed n\u00e1m na detailoch, preto\u017ee detaily tvoria dokonalos\u0165.&nbsp;Riadime sa heslom \u2013 kvalitne odveden\u00e1 pr\u00e1ca si vy\u017eaduje adekv\u00e1tny \u010das.<\/p>\n<\/div>\n\n\n\n<div class=\"wp-block-column is-layout-flow wp-block-column-is-layout-flow\">\n<h5 class=\"wp-block-heading\" id=\"profesionalny-a-priatelsky-pristup\">PROFESION\u00c1LNY A PRIATE\u013dSKY PR\u00cdSTUP<\/h5>\n\n\n\n<p>Chceme aby ste dostali nielen prvotriednu slu\u017ebu od vy\u0161kolen\u00e9ho odborn\u00edka, ale aj pr\u00edjemn\u00fd z\u00e1\u017eitok, ktor\u00fd V\u00e1s bude motivova\u0165 vr\u00e1ti\u0165 sa k n\u00e1m.&nbsp;<\/p>\n<\/div>\n\n\n\n<div class=\"wp-block-column is-layout-flow wp-block-column-is-layout-flow\">\n<h5 class=\"wp-block-heading\" id=\"pouzivame-najkvalitnejsie-materialy\">POU\u017d\u00cdVAME NAJKVALITNEJ\u0160IE MATERI\u00c1LY<\/h5>\n\n\n\n<p>Pou\u017e\u00edvame materi\u00e1ly vyroben\u00e9 v Eur\u00f3pe. V\u0161etky produkty sp\u013a\u0148aj\u00fa pr\u00edsne normy. Zdravie je prvorad\u00e9 a preto si mysl\u00edme, \u017ee v tomto pr\u00edpade nie je priestor na kompromisy.<\/p>\n<\/div>\n<\/div>\n\n\n\n<div class=\"wp-block-columns is-layout-flex wp-container-core-columns-is-layout-9d6595d7 wp-block-columns-is-layout-flex\">\n<div class=\"wp-block-column is-layout-flow wp-block-column-is-layout-flow\">\n<h5 class=\"wp-block-heading\" id=\"komunikacia\">KOMUNIK\u00c1CIA<\/h5>\n\n\n\n<p>Radi si vypo\u010dujeme nielen Va\u0161e predstavy o necht\u00edkoch ale aj radosti \u010di starosti, ktor\u00e9 n\u00e1m \u017eivot prin\u00e1\u0161a. D\u00f4vera je jedn\u00fdm zo z\u00e1kladn\u00fdch pilierov dobr\u00e9ho vz\u0165ahu medzi z\u00e1kazn\u00ed\u010dkou a jej necht\u00e1rkou.<\/p>\n<\/div>\n\n\n\n<div class=\"wp-block-column is-layout-flow wp-block-column-is-layout-flow\">\n<h5 class=\"wp-block-heading\" id=\"prijemne-prostredie\">PR\u00cdJEMN\u00c9 PROSTREDIE<\/h5>\n\n\n\n<p>Z\u00e1kazn\u00ed\u010dky sa u n\u00e1s c\u00edtia pohodlne, pokojne a pr\u00edjemne. Sna\u017e\u00edme sa pre V\u00e1s vytvori\u0165 miesto, kde si odd\u00fdchnete a na\u010derp\u00e1te nov\u00fa energiu. Samozrejmos\u0165ou je dodr\u017eiavanie pr\u00edsnych hygienick\u00fdch noriem a pravidiel.&nbsp;<\/p>\n<\/div>\n\n\n\n<div class=\"wp-block-column is-layout-flow wp-block-column-is-layout-flow\">\n<h5 class=\"wp-block-heading\" id=\"vyborna-dostupnost\">V\u00ddBORN\u00c1 DOSTUPNOS\u0164<\/h5>\n\n\n\n<p>V&nbsp;okol\u00ed sal\u00f3nu je dostupn\u00e9 parkovanie. MHD zast\u00e1vky  sa nach\u00e1dzaj\u00fa cca 1 min\u00fatu od sal\u00f3nu. Parkovisko je na ulici Fra\u0148a Mojtu.<\/p>\n<\/div>\n<\/div>\n\n\n\n<h5 class=\"wp-block-heading\" id=\"salon-angel-nails\">SAL\u00d3N ANGEL NAILS<\/h5>\n\n\n\n<p>V\u0161etky vlastnosti spomenut\u00e9 vy\u0161\u0161ie tvoria pr\u00edjemn\u00fd z\u00e1\u017eitok v sal\u00f3ne ANGEL NAILS. Slu\u017eby u n\u00e1s pokr\u00fdvaj\u00fa v\u0161etko, \u010do tvor\u00ed pocit ak\u00fd si zasl\u00fa\u017eite. O n\u00e1s nesta\u010d\u00ed po\u010du\u0165 alebo \u010d\u00edta\u0165, u n\u00e1s to treba za\u017ei\u0165. Te\u0161\u00edme sa na V\u00e1s. <\/p>\n\n\n\n<p><\/p>\n","protected":false},"excerpt":{"rendered":"<p>Vitajte vo svete kr\u00e1snych nechtov. Vychutnajte si pohodlie a starostlivos\u0165 o Va\u0161e ruky v sal\u00f3ne ANGEL NAILS v Nitre. G\u00c9L LAK Potiahnutie pr\u00edrodn\u00fdch nechtov tzv. g\u00e9l lakom &#8211; s\u00fa ten\u0161ie a prirodzenej\u0161ie. G\u00c9LOV\u00c9 NECHTY Pred\u013a\u017eenie nechtov g\u00e9lom pomocou \u0161abl\u00f3nky (bez lepenia tipov) alebo doplnenie g\u00e9lov\u00fdch nechtov. ZDOBENIE NECHTOV Babyboomer, ombr\u00e9, fr. manik\u00fara, kreslenie, Swarovski kamienky &hellip; <\/p>\n","protected":false},"author":1,"featured_media":1089,"parent":0,"menu_order":0,"comment_status":"closed","ping_status":"closed","template":"","meta":{"footnotes":""},"class_list":["post-179","page","type-page","status-publish","has-post-thumbnail","hentry"],"_links":{"self":[{"href":"https:\/\/www.angelnails.sk\/web\/index.php\/wp-json\/wp\/v2\/pages\/179","targetHints":{"allow":["GET"]}}],"collection":[{"href":"https:\/\/www.angelnails.sk\/web\/index.php\/wp-json\/wp\/v2\/pages"}],"about":[{"href":"https:\/\/www.angelnails.sk\/web\/index.php\/wp-json\/wp\/v2\/types\/page"}],"author":[{"embeddable":true,"href":"https:\/\/www.angelnails.sk\/web\/index.php\/wp-json\/wp\/v2\/users\/1"}],"replies":[{"embeddable":true,"href":"https:\/\/www.angelnails.sk\/web\/index.php\/wp-json\/wp\/v2\/comments?post=179"}],"version-history":[{"count":6,"href":"https:\/\/www.angelnails.sk\/web\/index.php\/wp-json\/wp\/v2\/pages\/179\/revisions"}],"predecessor-version":[{"id":1256,"href":"https:\/\/www.angelnails.sk\/web\/index.php\/wp-json\/wp\/v2\/pages\/179\/revisions\/1256"}],"wp:featuredmedia":[{"embeddable":true,"href":"https:\/\/www.angelnails.sk\/web\/index.php\/wp-json\/wp\/v2\/media\/1089"}],"wp:attachment":[{"href":"https:\/\/www.angelnails.sk\/web\/index.php\/wp-json\/wp\/v2\/media?parent=179"}],"curies":[{"name":"wp","href":"https:\/\/api.w.org\/{rel}","templated":true}]}}